{"id":2456,"date":"2025-05-23T09:26:52","date_gmt":"2025-05-23T07:26:52","guid":{"rendered":"https:\/\/www.palaciocondedemiranda.com\/?page_id=2456"},"modified":"2025-05-23T09:33:52","modified_gmt":"2025-05-23T07:33:52","slug":"bases-legales-sorteo-ig","status":"publish","type":"page","link":"https:\/\/www.palaciocondedemiranda.com\/en\/bases-legales-sorteo-ig\/","title":{"rendered":"Bases Legales Sorteo IG"},"content":{"rendered":"<p data-start=\"116\" data-end=\"146\">BASES LEGALES DEL SORTEO <strong data-start=\"147\" data-end=\"198\">\u201cEscapada de Verano \u2013 Palacio Conde de Miranda\u201d<\/strong><\/p>\n<p data-start=\"200\" data-end=\"647\"><strong data-start=\"200\" data-end=\"227\">1. Empresa organizadora<\/strong><br data-start=\"227\" data-end=\"230\" \/>La empresa organizadora de este sorteo es <strong data-start=\"272\" data-end=\"300\">Arralde Inversiones S.L.<\/strong>, con domicilio en Calle Men\u00e9ndez Pidal 21 \u2013 Bajo, 28036 \u2013 Madrid, con CIF B-95485421, inscrita en el Registro Mercantil de Madrid en el tomo 4860 general, folio 151, hoja BI-50231, inscripci\u00f3n 1.<br data-start=\"496\" data-end=\"499\" \/>Correo electr\u00f3nico de contacto: <a class=\"cursor-pointer\" rel=\"noopener\" data-start=\"531\" data-end=\"561\">info@palaciocondedemiranda.com<\/a><br data-start=\"561\" data-end=\"564\" \/>Web oficial: <a class=\"\" href=\"https:\/\/www.palaciocondedemiranda.com\" target=\"_new\" rel=\"noopener\" data-start=\"577\" data-end=\"647\">www.palaciocondedemiranda.com<\/a><\/p>\n<p data-start=\"649\" data-end=\"863\"><strong data-start=\"649\" data-end=\"679\">2. Fechas de participaci\u00f3n<\/strong><br data-start=\"679\" data-end=\"682\" \/>El sorteo estar\u00e1 activo desde la publicaci\u00f3n del post en el perfil de Instagram de @palaciocondedemiranda <strong>el 18 de junio de 2025<\/strong> hasta el <strong data-start=\"797\" data-end=\"862\">27 de junio de 2025 a las 12:00 pm (hora peninsular espa\u00f1ola)<\/strong>.<\/p>\n<p data-start=\"865\" data-end=\"1049\"><strong data-start=\"865\" data-end=\"898\">3. Requisitos para participar<\/strong><br data-start=\"898\" data-end=\"901\" \/>Podr\u00e1n participar todas aquellas personas f\u00edsicas, mayores de 18 a\u00f1os y con residencia en Espa\u00f1a, que cumplan con los siguientes pasos en Instagram:<\/p>\n<ol>\n<li data-start=\"1051\" data-end=\"1246\">Seguir la cuenta oficial de Instagram de Palacio Conde de Miranda (@palaciocondedemiranda)<\/li>\n<li data-start=\"1051\" data-end=\"1246\">Dar like a la publicaci\u00f3n del sorteo<\/li>\n<li data-start=\"1051\" data-end=\"1246\">Mencionar en los comentarios a la persona con la que les gustar\u00eda compartir la escapada<\/li>\n<\/ol>\n<p data-start=\"1248\" data-end=\"1423\"><strong data-start=\"1248\" data-end=\"1261\">4. Premio<\/strong><br data-start=\"1261\" data-end=\"1264\" \/>El\/la ganador\/a recibir\u00e1 una <strong data-start=\"1293\" data-end=\"1337\">estancia de dos noches para dos personas<\/strong> en uno de los apartamentos de Palacio Conde de Miranda.<br data-start=\"1393\" data-end=\"1396\" \/><strong data-start=\"1396\" data-end=\"1423\">Condiciones del premio:<\/strong><\/p>\n<ul data-start=\"1425\" data-end=\"1719\">\n<li data-start=\"1425\" data-end=\"1503\">\n<p data-start=\"1427\" data-end=\"1503\">Estancia v\u00e1lida \u00fanicamente durante los meses de <strong data-start=\"1475\" data-end=\"1501\">julio o agosto de 2025<\/strong><\/p>\n<\/li>\n<li data-start=\"1504\" data-end=\"1563\">\n<p data-start=\"1506\" data-end=\"1563\">Fechas sujetas a <strong data-start=\"1523\" data-end=\"1541\">disponibilidad<\/strong> del establecimiento<\/p>\n<\/li>\n<li data-start=\"1564\" data-end=\"1644\">\n<p data-start=\"1566\" data-end=\"1644\">El premio <strong data-start=\"1576\" data-end=\"1606\">no es canjeable por dinero<\/strong> ni podr\u00e1 ser transferido a terceros<\/p>\n<\/li>\n<li data-start=\"1645\" data-end=\"1719\">\n<p data-start=\"1647\" data-end=\"1719\">No incluye transporte, ni otros servicios extras como limpieza o parking<\/p>\n<\/li>\n<\/ul>\n<p data-start=\"1721\" data-end=\"2101\"><strong data-start=\"1721\" data-end=\"1751\">5. Selecci\u00f3n del ganador\/a<\/strong><br data-start=\"1751\" data-end=\"1754\" \/>El ganador\/a ser\u00e1 elegido\/a de forma aleatoria a trav\u00e9s de la plataforma oficial <a class=\"\" href=\"https:\/\/app-sorteos.com\" target=\"_new\" rel=\"noopener\" data-start=\"1835\" data-end=\"1877\">app-sorteos.com<\/a> el <strong data-start=\"1881\" data-end=\"1929\">27 de junio de 2025 a partir de las 12:01 pm<\/strong>.<br data-start=\"1930\" data-end=\"1933\" \/>Nos pondremos en contacto con la persona ganadora mediante mensaje privado en Instagram. Si no responde en un plazo de <strong data-start=\"2052\" data-end=\"2064\">48 horas<\/strong>, se seleccionar\u00e1 un nuevo ganador\/a.<\/p>\n<p data-start=\"2103\" data-end=\"2332\"><strong data-start=\"2103\" data-end=\"2129\">6. Protecci\u00f3n de datos<\/strong><\/p>\n<ul>\n<li><strong>No se recoger\u00e1n datos personales de los participantes, excepto los del ganador\/a, que ser\u00e1n utilizados \u00fanicamente para la gesti\u00f3n del premio.<\/strong><\/li>\n<\/ul>\n<p data-start=\"2334\" data-end=\"2588\"><strong data-start=\"2334\" data-end=\"2364\">7. Aceptaci\u00f3n de las bases<\/strong><br data-start=\"2364\" data-end=\"2367\" \/><span>La participaci\u00f3n en el sorteo implica la\u00a0<\/span><strong>aceptaci\u00f3n \u00edntegra de estas bases legales<\/strong><span>.<\/span><\/p>\n<p data-start=\"2590\" data-end=\"2809\"><strong data-start=\"2590\" data-end=\"2627\">8. Exoneraci\u00f3n de responsabilidad<\/strong><br data-start=\"2627\" data-end=\"2630\" \/>Instagram no patrocina, avala ni administra este sorteo de ninguna forma, ni est\u00e1 asociado a \u00e9l. El participante exime a Instagram de cualquier responsabilidad derivada del mismo.<\/p>\n","protected":false},"excerpt":{"rendered":"<p>BASES LEGALES DEL SORTEO \u201cEscapada de Verano \u2013 Palacio Conde de Miranda\u201d 1. Empresa organizadoraLa empresa organizadora de este sorteo es Arralde Inversiones S.L., con domicilio en Calle Men\u00e9ndez Pidal 21 \u2013 Bajo, 28036 \u2013 Madrid, con CIF B-95485421, inscrita en el Registro Mercantil de Madrid en el tomo 4860 general, folio 151, hoja BI-50231,&#8230;<\/p>\n","protected":false},"author":2,"featured_media":0,"parent":0,"menu_order":0,"comment_status":"closed","ping_status":"closed","template":"","meta":{"footnotes":""},"class_list":["post-2456","page","type-page","status-publish","hentry"],"_links":{"self":[{"href":"https:\/\/www.palaciocondedemiranda.com\/en\/wp-json\/wp\/v2\/pages\/2456","targetHints":{"allow":["GET"]}}],"collection":[{"href":"https:\/\/www.palaciocondedemiranda.com\/en\/wp-json\/wp\/v2\/pages"}],"about":[{"href":"https:\/\/www.palaciocondedemiranda.com\/en\/wp-json\/wp\/v2\/types\/page"}],"author":[{"embeddable":true,"href":"https:\/\/www.palaciocondedemiranda.com\/en\/wp-json\/wp\/v2\/users\/2"}],"replies":[{"embeddable":true,"href":"https:\/\/www.palaciocondedemiranda.com\/en\/wp-json\/wp\/v2\/comments?post=2456"}],"version-history":[{"count":3,"href":"https:\/\/www.palaciocondedemiranda.com\/en\/wp-json\/wp\/v2\/pages\/2456\/revisions"}],"predecessor-version":[{"id":2459,"href":"https:\/\/www.palaciocondedemiranda.com\/en\/wp-json\/wp\/v2\/pages\/2456\/revisions\/2459"}],"wp:attachment":[{"href":"https:\/\/www.palaciocondedemiranda.com\/en\/wp-json\/wp\/v2\/media?parent=2456"}],"curies":[{"name":"wp","href":"https:\/\/api.w.org\/{rel}","templated":true}]}}